{"id":125,"date":"2023-02-06T18:43:18","date_gmt":"2023-02-06T18:43:18","guid":{"rendered":"http:\/\/bds93.lv:8882\/?page_id=125"},"modified":"2025-04-25T09:32:48","modified_gmt":"2025-04-25T07:32:48","slug":"apmaciba","status":"publish","type":"page","link":"https:\/\/bds93.lv\/?page_id=125","title":{"rendered":"Apm\u0101c\u012bba."},"content":{"rendered":"\n<p class=\"gtfy-1\"><\/p>\n\n\n\n<div class=\"guten-element guten-accordions guten-UK1qKi gtfy-32\">\n<div class=\"accordion-item guten-vcL7UY gtfy-31\"><div class=\"accordion-heading\"><div class=\"accordion-icon\"><span class=\"accordion-icon-open\"><i class=\"fas fa-minus\"><\/i><\/span><span class=\"accordion-icon-closed\"><i class=\"fas fa-plus\"><\/i><\/span><\/div><span class=\"accordion-text\">Apsardzes sertifik\u0101ts.<\/span><\/div><div class=\"accordion-body\"><div class=\"accordion-content\">\n<p class=\"gtfy-4\">2014.gada 13.febru\u0101r\u012b pie\u0146emtais Apsardzes darb\u012bbas likums nosaka, ka apsardzes sertifik\u0101tu Ministru kabineta noteiktaj\u0101 k\u0101rt\u012bb\u0101 izsniedz fiziskajai personai, kura ieguvusi noteiktu izgl\u012bt\u012bbu vai apguvusi attiec\u012bgu izgl\u012bt\u012bbas programmu un nok\u0101rtojusi apsardzes darbinieka kvalifik\u0101cijas p\u0101rbaud\u012bjumu, vai personai, kurai atz\u012bta \u0101rvalst\u012bs ieg\u016bt\u0101 profesion\u0101l\u0101 kvalifik\u0101cija atbilsto\u0161i likumam &#8220;Par reglament\u0113taj\u0101m profesij\u0101m un profesion\u0101l\u0101s kvalifik\u0101cijas atz\u012b\u0161anu&#8221;.<\/p>\n\n\n\n<h3 class=\"wp-block-heading gtfy-5\">Apm\u0101c\u012bbu programm\u0101 ietilpst sekojo\u0161i m\u0101c\u012bbu priek\u0161meti:<\/h3>\n\n\n\n<figure class=\"wp-block-table gtfy-6\"><table><thead><tr><th>M\u0101c\u012bbu priek\u0161meti<\/th><th>Stundas<\/th><\/tr><\/thead><tbody><tr><td>Apsardzes darb\u012bbas tiesiskais regul\u0113jums<\/td><td>16 st.<\/td><\/tr><tr><td>Apsardzes taktika,tehnisk\u0101s sist\u0113mas un tehniskie l\u012bdzek\u013ci<\/td><td>54 st.<\/td><\/tr><tr><td>Personu aiztur\u0113\u0161anas un speci\u0101lo l\u012bdzek\u013cu pielieto\u0161anas pamati<\/td><td>12 st.<\/td><\/tr><tr><td>Nosl\u0113guma p\u0101rbaud\u012bjums<\/td><td>2 st.<\/td><\/tr><\/tbody><tfoot><tr><td><\/td><td><strong>KOP\u0100:<\/strong>&nbsp;84 st.<\/td><\/tr><\/tfoot><\/table><\/figure>\n\n\n\n<p class=\"gtfy-7\"><strong>Pieteikties uz apm\u0101c\u012bbu var, iepriek\u0161 zvanot pa t\u0101lruni 67717489 vai mob.t\u0101lr. 26536680.<\/strong>&nbsp;Tiks saska\u0146ots iera\u0161an\u0101s laiks, lai aizpild\u012btu nepiecie\u0161amos dokumentus ( anketu, iesniegumu u.c.).&nbsp;<strong>L\u012bdzi j\u0101\u0146em L\u012bdzi j\u0101\u0146em pases un izgl\u012bt\u012bbas dokumentu kopijas vai ori\u0123in\u0101lus.<\/strong><\/p>\n\n\n\n<p class=\"gtfy-8\"><strong>M\u0113s atrodamies Maz\u0101 Nomet\u0146u iela 29., R\u012bg\u0101.<\/strong><br><strong>Samaksa par apmac\u012bbu sast\u0101da &#8211; 100.00 EUR.<\/strong><\/p>\n\n\n\n<p class=\"gtfy-9\">Cena iek\u013cauj teor\u0113tisko apm\u0101c\u012bbu, ka ar\u012b m\u016bsu izstr\u0101d\u0101t\u0101 ONLINE TEST\u0112\u0160ANAS DATORIZ\u0112TA PROGRAMMA, l\u012bdz\u012bga programmai, kuru J\u016bs izmantosiet teor\u0113tisku zin\u0101\u0161anu p\u0101rbaudes k\u0101rto\u0161anai Valsts policij\u0101. Test\u0113\u0161anas programma, m\u016bsu studentiem, ir pieejama 24 stundas diennakt\u012b, 60 dienas, no jebkuras vietas un datora. P\u0113c dokumentu iesnieg\u0161anas un samaksas veik\u0161anas par apm\u0101c\u012bbu tiek komplekt\u0113tas apm\u0101c\u012bbu grupas. P\u0113c izgl\u012bt\u012bbas programmas apg\u016b\u0161anas tiek izsniegta apliec\u012bba par profesion\u0101l\u0101s pilnveides izgl\u012bt\u012bbu un persona var doties uz Valsts policijas Apsardzes darb\u012bbas sertifik\u0101cijas komisiju kvalifik\u0101cijas p\u0101rbaud\u012bjuma k\u0101rto\u0161anai, lai sa\u0146emtu apsardzes sertifik\u0101tu. P\u0113c dokumentu iesnieg\u0161anas un samaksas veik\u0161anas par apm\u0101c\u012bbu tiek komplekt\u0113tas apm\u0101c\u012bbu grupas. P\u0113c izgl\u012bt\u012bbas programmas apg\u016b\u0161anas tiek izsniegta apliec\u012bba par profesion\u0101l\u0101s pilnveides izgl\u012bt\u012bbu un persona var doties uz Valsts policijas Apsardzes darb\u012bbas sertifik\u0101cijas komisiju kvalifik\u0101cijas p\u0101rbaud\u012bjuma k\u0101rto\u0161anai, lai sa\u0146emtu apsardzes sertifik\u0101tu.<\/p>\n\n\n\n<p class=\"gtfy-10\"><strong>Pirms p\u0101rbaud\u012bjuma k\u0101rto\u0161anas Valsts policijas Apsardzes darb\u012bbas sertifik\u0101cijas komisijai j\u0101iesniedz sekojo\u0161i dokumenti:<\/strong><\/p>\n\n\n\n<ul class=\"wp-block-list gtfy-17\">\n<li class=\"gtfy-11 gutenify-list-item\">iesniegums;<\/li>\n\n\n\n<li class=\"gtfy-12 gutenify-list-item\">apliec\u012bba (kopiju ) par augst\u0101k min\u0113t\u0101s izgl\u012bt\u012bbas programmas apguvi;<\/li>\n\n\n\n<li class=\"gtfy-13 gutenify-list-item\">apliec\u012bba ( kopiju ) par pirm\u0101s pal\u012bdz\u012bbas snieg\u0161anas m\u0101c\u012bbu kursa noklaus\u012b\u0161anos<\/li>\n\n\n\n<li class=\"gtfy-14 gutenify-list-item\">psihiatra un narkologa atzinuma kopija;<\/li>\n\n\n\n<li class=\"gtfy-15 gutenify-list-item\">viena fotogr\u0101fija ( 2&#215;3 cm);<\/li>\n\n\n\n<li class=\"gtfy-16 gutenify-list-item\">kv\u012bts par apsardzes darbinieka kvalifik\u0101cijas p\u0101rbaud\u012bjuma k\u0101rto\u0161anu un apsardzes sertifik\u0101ta sa\u0146em\u0161anu valsts nodevas samaksu.<\/li>\n<\/ul>\n\n\n\n<p class=\"gtfy-18\">Saska\u0146\u0101 ar 2014. gada Ministru kabineta noteikumiem Nr. 742 maks\u0101jama valsts nodeva par apsardzes darb\u012bbas kvalifik\u0101cijas p\u0101rbaud\u012bjumu k\u0101rto\u0161anu un apsardzes sertifik\u0101ta izsnieg\u0161anu \u0161\u0101d\u0101 apm\u0113r\u0101:<\/p>\n\n\n\n<figure class=\"wp-block-table gtfy-19\"><table><thead><tr><\/tr><\/thead><tbody><tr><td>Par apsardzes darb\u012bbas kvalifik\u0101cijas p\u0101rbaud\u012bjuma k\u0101rto\u0161anu<\/td><td>40.00 EUR<\/td><\/tr><tr><td>Par apsardzes sertifik\u0101ta izsnieg\u0161anu<\/td><td>20.00 EUR<\/td><\/tr><tr><td>Par apsardzes sertifikata izsnieg\u0161anu p\u0113c der\u012bguma termi\u0146a pagarin\u0101\u0161anas<\/td><td>20.00 EUR<\/td><\/tr><tr><td>Par apsardzes sertifik\u0101ta dublik\u0101ta izsnieg\u0161anu<\/td><td>20.00 EUR<\/td><\/tr><\/tbody><\/table><\/figure>\n\n\n\n<p class=\"gtfy-20\"><strong>Apsardzes sertifik\u0101ta der\u012bguma termi\u0146\u0161 ir pieci gadi.<\/strong><br>Apsardzes darb\u012bbas kvalifik\u0101cijas p\u0101rbaud\u012bjuma jaut\u0101jumus ar atbildem var apskat\u012bt&nbsp;<strong><a href=\"http:\/\/www.vp.gov.lv\/faili\/sadalas\/tests_majas_lapai_2015.marts_pedejais.doc\" target=\"_blank\" rel=\"noreferrer noopener\">\u0161eit<\/a><\/strong><a href=\"http:\/\/www.vp.gov.lv\/faili\/sadalas\/tests_majas_lapai_2015.marts_pedejais.doc\" target=\"_blank\" rel=\"noreferrer noopener\">.<\/a>Lai sagatavotos \u201eApsardzes darb\u012bbas kvalifik\u0101cijas p\u0101rbaud\u012bjumam\u201d, kur\u0161 k\u0101rtojams policij\u0101, BALTIJAS DRO\u0160\u012aBAS SKOLAS speci\u0101listi ir izstr\u0101d\u0101ju\u0161i apm\u0101c\u012bbas kursam par t\u0113mu \u201eApsardzes darb\u012bba\u201d unik\u0101lu ONLINE TEST\u0112\u0160ANAS DATORIZ\u0112TO PROGRAMMU.<\/p>\n\n\n\n<p class=\"gtfy-21\">Datorprogramma sev\u012b ietver:<\/p>\n\n\n\n<ul class=\"wp-block-list gtfy-26\">\n<li class=\"gtfy-22 gutenify-list-item\">Eks\u0101mena jaut\u0101jumus un atbildes uz jaut\u0101jumiem;<\/li>\n\n\n\n<li class=\"gtfy-23 gutenify-list-item\">Zin\u0101\u0161anu p\u0101rbaudes testu re\u017e\u012bm\u0101.<\/li>\n\n\n\n<li class=\"gtfy-24 gutenify-list-item\">Iesp\u0113ju analiz\u0113t k\u013c\u016bdas un zin\u0101\u0161anu apg\u016b\u0161anas procesu;<\/li>\n\n\n\n<li class=\"gtfy-25 gutenify-list-item\">Gal\u012bgu 40 min\u016b\u0161u garu zin\u0101\u0161anu p\u0101rbaudes testu ar 40 eks\u0101mena jaut\u0101jumiem (tests ir analo\u0123isks tam, k\u0101ds b\u016bs datoreks\u0101men\u0101 policij\u0101).<\/li>\n<\/ul>\n\n\n\n<p class=\"gtfy-27\">Iepaz\u012bties ar PROGRAMMU \u201e Demo Tests\u201d re\u017e\u012bm\u0101 j\u016bs varat, <strong><a href=\"https:\/\/www.bds93.lv\/apmaciba\/login\/index.php\">\u0160EIT<\/a><\/strong>, izmantojot \u0161o lietot\u0101jv\u0101rdu un paroli:<\/p>\n\n\n\n<p class=\"gtfy-28\"><strong>Lietot\u0101jv\u0101rds: demo<br>Parole: Demo1234!<\/strong><\/p>\n\n\n\n<p class=\"gtfy-29\"><strong>PIEZ\u012aME:<\/strong>&nbsp;lai palielin\u0101tu vai samazin\u0101tu teksta burtu lielumu, test\u0113\u0161anas datoriz\u0113t\u0101 programm\u0101, izmantojiet tausti\u0146u kombin\u0101ciju: ctrl +, vai ctrl -, ka ar\u012b lapas kreisaj\u0101 pus\u0113 (aug\u0161\u0101) var izv\u0113l\u0113ties programmas interfeisa valodu.<br>M\u016bsu studenti, iest\u0101joties Baltijas dro\u0161\u012bbas skol\u0101, m\u0101c\u012bbas laik\u0101 sa\u0146em LIETOT\u0100JV\u0100RDU un PAROLI.<br>Apsardzes darbinieki, kuriem ir j\u0101pagarina \u201eAPSARDZES SERTIFIK\u0100TS\u201d, lai sagatavotos \u201eApsardzes darb\u012bbas kvalifik\u0101cijas p\u0101rbaud\u012bjumam\u201d, var ieg\u0101d\u0101ties LIETOT\u0100JV\u0100RDU un PAROLI.<br>\u0160is pakalpojums maks\u0101 35 EUR, taj\u0101 skait\u0101 PVN 21%. P\u0113c lietot\u0101jv\u0101rda un paroles ieg\u0101des, DATORIZ\u0112T\u0100 PROGRAMMA, b\u016bs pieejama 24 stundas diennakt\u012b, 60 dienas, no jebkuras vietas un datora ar interneta piesl\u0113gumu.<br><strong>Ieg\u0101d\u0101ties LIETOT\u0100JV\u0100RDU un PAROLI, iepriek\u0161 piezvanot pa t\u0101lruni 26536680<\/strong>, J\u016bs varat SIA \u201eBaltijas dro\u0161\u012bbas skola\u201d ofis\u0101 Elizabetes iela 2, kab.219, R\u012bg\u0101, maks\u0101jot skaidr\u0101 naud\u0101, vai veicot maks\u0101jumu patst\u0101v\u012bgi ar p\u0101rskait\u012bjumu uz SIA \u201eBaltijas dro\u0161\u012bbas skola\u201d nor\u0113\u0137inu kontu:<br><strong>SIA \u201eBaltijas dro\u0161\u012bbas skola\u201d<br>Vienotais re\u0123. Nr. 40003135912<br>AS SEB Banka, kods UNLALV2X<br>Konts LV81UNLA0002014467411<\/strong><\/p>\n\n\n\n<p class=\"gtfy-30\">Maks\u0101juma uzdevum\u0101&nbsp;ail\u0113 &#8220;m\u0113r\u0137i&#8221; oblig\u0101ti j\u0101uzr\u0101da:V\u0101rdu, Uzv\u0101rdu, personas kodu un<strong>&nbsp;mobil\u0101 t\u0101lru\u0146a numuru.<\/strong><br>No br\u012b\u017ea kad nauda tiks ieskait\u012bta kont\u0101, 24 stundu laik\u0101, Jums tiks nos\u016bt\u012bts uz nor\u0101d\u012bto mobilo t\u0101lru\u0146i LIETOT\u0100JV\u0100RDS un PAROLE.<\/p>\n<\/div><\/div><\/div>\n<\/div>\n\n\n\n<div class=\"guten-element guten-accordions guten-8Zrp08 gtfy-39\">\n<div class=\"accordion-item guten-7KkuIM gtfy-38\"><div class=\"accordion-heading\"><div class=\"accordion-icon\"><span class=\"accordion-icon-open\"><i class=\"fas fa-minus\"><\/i><\/span><span class=\"accordion-icon-closed\"><i class=\"fas fa-plus\"><\/i><\/span><\/div><span class=\"accordion-text\">Ties\u012bbsarg\u0101jo\u0161\u0101m iest\u0101d\u0113m.<\/span><\/div><div class=\"accordion-body\"><div class=\"accordion-content\">\n<h3 class=\"wp-block-heading gtfy-35\">POLICIJAS P\u0100RRUNVED\u0112JU, SARUNU VE\u0160ANAS INSTRUKTORU APM\u0100C\u012aBA<\/h3>\n\n\n\n<p class=\"gtfy-36\"><strong>Kursa m\u0113r\u0137is:<\/strong><br>Sagatavot p\u0101rrunved\u0113jus (Policijas darbiniekus), kuri var\u0113tu tikt iesaist\u012bti p\u0101rrunu ve\u0161an\u0101 \u0137\u012blnieku kr\u012bzes situ\u0101cij\u0101s, iebarik\u0101d\u0113\u0161an\u0101s situ\u0101cij\u0101s vai cilv\u0113ku nolaup\u012b\u0161anas situ\u0101cij\u0101s. Iepazin\u0101t ar taktisk\u0101s darb\u012bbas pamatprincipiem darb\u0101 ar \u0137\u012blnieku kr\u012bz\u0113m, att\u012bst\u012bt praktisk\u0101s iema\u0146as r\u012bc\u012bbai da\u017e\u0101d\u0101s ar profesion\u0101l\u0101s pilnveides kursu saist\u012bt\u0101s situ\u0101cij\u0101s. Sagatavot sarunu ve\u0161anas instruktorus, kas var\u0113tu apm\u0101c\u012bt savu strukt\u016brvien\u012bbu darbiniekus sarunu ve\u0161anai ar agres\u012bv\u0101m person\u0101m, bru\u0146ot\u0101m person\u0101m, un person\u0101m ar gar\u012bgiem trauc\u0113jumiem.<\/p>\n\n\n\n<p class=\"gtfy-37\"><strong>M\u0101c\u012bbu ilgums: 120 akad\u0113misk\u0101s stundas.<\/strong><\/p>\n<\/div><\/div><\/div>\n<\/div>\n\n\n\n<div class=\"guten-element guten-accordions guten-dcDNkE gtfy-53\">\n<div class=\"accordion-item guten-9o8pvU gtfy-52\"><div class=\"accordion-heading\"><div class=\"accordion-icon\"><span class=\"accordion-icon-open\"><i class=\"fas fa-minus\"><\/i><\/span><span class=\"accordion-icon-closed\"><i class=\"fas fa-plus\"><\/i><\/span><\/div><span class=\"accordion-text\">Semin\u0101ri<\/span><\/div><div class=\"accordion-body\"><div class=\"accordion-content\">\n<p class=\"gtfy-42\">Semin\u0101ri ar praktisk\u0101m nodarb\u012bb\u0101m lauj \u012bs\u0101 laik\u0101 ieg\u016bt nepiecie\u0161am\u0101s zin\u0101\u0161anas dro\u0161\u012bbas jom\u0101.<\/p>\n\n\n\n<ul class=\"wp-block-list gtfy-51\">\n<li class=\"gtfy-43 gutenify-list-item\">Bankas darbinieku r\u012bc\u012bba laup\u012b\u0161anas gad\u012bjumos.<\/li>\n\n\n\n<li class=\"gtfy-44 gutenify-list-item\">Saskarsme ar kr\u012bzes situ\u0101cij\u0101 non\u0101ku\u0161\u0101m agres\u012bv\u0101m un bru\u0146ot\u0101m person\u0101m.<\/li>\n\n\n\n<li class=\"gtfy-45 gutenify-list-item\">Iesp\u0113jam\u0101s kr\u012bzes situ\u0101cijas paaugstin\u0101tas b\u012bstam\u012bbas infrastrukt\u016bras objektos un terorisma draudi.<\/li>\n\n\n\n<li class=\"gtfy-46 gutenify-list-item\">\u0100tr\u0101 nolaup\u012b\u0161ana \u201eTIGER Kidnapping\u201d.<\/li>\n\n\n\n<li class=\"gtfy-47 gutenify-list-item\">Manipul\u0101ciju tehnikas un hipnozes ietekme uz darbiniekiem, kas str\u0101d\u0101 ar naudu un pretdarb\u012bbas rekomend\u0101cijas.<\/li>\n\n\n\n<li class=\"gtfy-48 gutenify-list-item\">Par iero\u010du, spr\u0101dzienb\u012bstamu un improviz\u0113to spr\u0101gst ier\u012b\u010du atpaz\u012b\u0161anu, mekl\u0113\u0161anu un iene\u0161anas apsarg\u0101jam\u0101 objekt\u0101 nov\u0113r\u0161anu.<\/li>\n\n\n\n<li class=\"gtfy-49 gutenify-list-item\">Narkotisko, psihotropo un toksisko vielu ietekme un reibums.<\/li>\n\n\n\n<li class=\"gtfy-50 gutenify-list-item\">Saskarsme ar, kr\u012bzes situ\u0101cij\u0101 non\u0101ku\u0161\u0101m problem\u0101tisk\u0101m person\u0101m un agres\u012bviem klientiem.<\/li>\n<\/ul>\n<\/div><\/div><\/div>\n<\/div>\n","protected":false},"excerpt":{"rendered":"","protected":false},"author":1,"featured_media":0,"parent":0,"menu_order":0,"comment_status":"closed","ping_status":"closed","template":"","meta":{"footnotes":""},"class_list":["post-125","page","type-page","status-publish","hentry"],"_links":{"self":[{"href":"https:\/\/bds93.lv\/index.php?rest_route=\/wp\/v2\/pages\/125","targetHints":{"allow":["GET"]}}],"collection":[{"href":"https:\/\/bds93.lv\/index.php?rest_route=\/wp\/v2\/pages"}],"about":[{"href":"https:\/\/bds93.lv\/index.php?rest_route=\/wp\/v2\/types\/page"}],"author":[{"embeddable":true,"href":"https:\/\/bds93.lv\/index.php?rest_route=\/wp\/v2\/users\/1"}],"replies":[{"embeddable":true,"href":"https:\/\/bds93.lv\/index.php?rest_route=%2Fwp%2Fv2%2Fcomments&post=125"}],"version-history":[{"count":7,"href":"https:\/\/bds93.lv\/index.php?rest_route=\/wp\/v2\/pages\/125\/revisions"}],"predecessor-version":[{"id":567,"href":"https:\/\/bds93.lv\/index.php?rest_route=\/wp\/v2\/pages\/125\/revisions\/567"}],"wp:attachment":[{"href":"https:\/\/bds93.lv\/index.php?rest_route=%2Fwp%2Fv2%2Fmedia&parent=125"}],"curies":[{"name":"wp","href":"https:\/\/api.w.org\/{rel}","templated":true}]}}