{"id":45,"date":"2023-02-05T18:47:55","date_gmt":"2023-02-05T18:47:55","guid":{"rendered":"http:\/\/bds93.lv:8882\/?page_id=45"},"modified":"2023-02-18T02:52:13","modified_gmt":"2023-02-18T00:52:13","slug":"par-musu-kompaniju","status":"publish","type":"page","link":"https:\/\/bds93.lv\/?page_id=45","title":{"rendered":"Par m\u016bsu komp\u0101niju"},"content":{"rendered":"\n<div class=\"section-wrapper gtfy-6\" data-id=\"jwWpCT\"><section class=\"wp-block-gutenverse-section guten-element guten-section guten-jwWpCT layout-boxed align-stretch\"><div class=\"guten-background-overlay\"><\/div><div class=\"guten-shape-divider guten-shape-divider-top\"><\/div><div class=\"guten-shape-divider guten-shape-divider-bottom\"><\/div><div class=\"guten-container guten-column-gap-default\">\n<div class=\"wp-block-gutenverse-column guten-element guten-column guten-jhh4s6 gtfy-2\"><div class=\"guten-background-overlay\"><\/div><div class=\"sticky-wrapper\" data-id=\"jhh4s6\"><div class=\"guten-column-wrapper\">\n<p class=\"gtfy-1\">Baltijas dro\u0161\u012bbas skola (turpm\u0101k tekst\u0101 &#8220;BDS&#8221;) ir izveidota 1993 gad\u0101, t\u0101s izveidot\u0101js ir biju\u0161ais ties\u012bbsarg\u0101jo\u0161o iest\u0101\u017eu darbinieks. BDS kop\u0101 ar valsts policiju izveidoja pirmo m\u0101c\u012bbu programmu, apsarga sertifik\u0101ta ieg\u016b\u0161anai. BDS ir pirm\u0101 priv\u0101t\u0101 iest\u0101de Latvij\u0101, kura ofici\u0101li re\u0123istr\u0113jusi apm\u0101c\u012bbas programmu dro\u0161\u012bbas jomas darbiniekiem. Savas darb\u012bbas laik\u0101 BDS ir apm\u0101cijusi vair\u0101k nek\u0101 9000 cilv\u0113kus, taj\u0101 skait\u0101 \u0101rzemniekus. Divas reizes (2007. un 2008. gad\u0101) BDS organiz\u0113ja semin\u0101rus Anglijas policijas virsniekiem par t\u0113mu: \u201ePretdarb\u012bba krimin\u0101liem grup\u0113jumiem no Austrumeiropas valst\u012bm\u201d. Komp\u0101nija ir izstr\u0101d\u0101jusi vair\u0101kas ori\u0123in\u0101las apm\u0101c\u012bbu t\u0113mas par dro\u0161\u012bbas jaut\u0101jumiem. Kop\u0161 2011. gada decembra BDS valdes priek\u0161s\u0113d\u0113t\u0101js ir atva\u013cin\u0101ts policijas pulkvedis Juris Grabovskis, kur\u0161 27 gadus ir velt\u012bjs darbam ties\u012bbsarg\u0101jo\u0161aj\u0101s strukt\u016br\u0101s,no tiem 17 gadus vi\u0146\u0161 ir vad\u012bjis pretterorisma vien\u012bbu &#8220;OMEGA&#8221;.<\/p>\n<\/div><\/div><\/div>\n\n\n\n<div class=\"wp-block-gutenverse-column guten-element guten-column guten-jt6mYV gtfy-5\"><div class=\"guten-background-overlay\"><\/div><div class=\"sticky-wrapper\" data-id=\"jt6mYV\"><div class=\"guten-column-wrapper\">\n<div class=\"guten-element guten-spacer guten-a6owY5 gtfy-3\"><\/div>\n\n\n\n<figure class=\"wp-block-image size-large is-resized has-custom-border gtfy-4\"><img decoding=\"async\" src=\"https:\/\/bds93.lv:8882\/wp-content\/uploads\/2023\/02\/IMG_4653_smoll-gigapixel-standard-scale-6_00x-1024x1019.jpg\" alt=\"\" class=\"wp-image-97\" style=\"border-radius:29px\" width=\"337\" height=\"336\" srcset=\"https:\/\/bds93.lv\/wp-content\/uploads\/2023\/02\/IMG_4653_smoll-gigapixel-standard-scale-6_00x-1024x1019.jpg 1024w, https:\/\/bds93.lv\/wp-content\/uploads\/2023\/02\/IMG_4653_smoll-gigapixel-standard-scale-6_00x-300x300.jpg 300w, https:\/\/bds93.lv\/wp-content\/uploads\/2023\/02\/IMG_4653_smoll-gigapixel-standard-scale-6_00x-150x150.jpg 150w, https:\/\/bds93.lv\/wp-content\/uploads\/2023\/02\/IMG_4653_smoll-gigapixel-standard-scale-6_00x-768x765.jpg 768w, https:\/\/bds93.lv\/wp-content\/uploads\/2023\/02\/IMG_4653_smoll-gigapixel-standard-scale-6_00x.jpg 1320w\" sizes=\"(max-width: 337px) 100vw, 337px\" \/><\/figure>\n<\/div><\/div><\/div>\n<\/div><\/section><\/div>\n\n\n\n<div class=\"guten-element guten-spacer guten-z5JV8d gtfy-9\"><\/div>\n\n\n\n<p class=\"has-link-color wp-elements-9cf34d266f11cf722db234fff93da0d3 gtfy-12\"><strong><a href=\"https:\/\/bds93.lv\/wp-content\/uploads\/2023\/02\/pasnovert.pdf\" data-type=\"attachment\">Pa\u0161nov\u0113rt\u0113juma zi\u0146ojums 2020. <\/a><\/strong><\/p>\n\n\n\n<p class=\"gtfy-15\"><strong><a href=\"https:\/\/bds93.lv:8882\/wp-content\/uploads\/2023\/02\/Pasnovertejuma_zinojums_Pol_2021.pdf\" data-type=\"attachment\" data-id=\"334\">Pa\u0161nov\u0113rt\u0113juma <\/a><a href=\"https:\/\/bds93.lv\/wp-content\/uploads\/2023\/02\/Pasnovertejuma_zinojums_Pol_2021.pdf\" data-type=\"attachment\">zi\u0146ojums <\/a><a href=\"https:\/\/bds93.lv:8882\/wp-content\/uploads\/2023\/02\/Pasnovertejuma_zinojums_Pol_2021.pdf\" data-type=\"attachment\" data-id=\"334\">2021. <\/a><\/strong><\/p>\n\n\n\n<p class=\"gtfy-18\"><strong><a href=\"https:\/\/bds93.lv:8882\/wp-content\/uploads\/2023\/02\/pasnovert_2022.pdf\" data-type=\"attachment\" data-id=\"332\">Pa\u0161nov\u0113rt\u0113juma <\/a><a href=\"https:\/\/bds93.lv\/wp-content\/uploads\/2023\/02\/pasnovert_2022.pdf\" data-type=\"URL\" data-id=\"https:\/\/bds93.lv\/wp-content\/uploads\/2023\/02\/pasnovert_2022.pdf\">zi\u0146ojums <\/a><a href=\"https:\/\/bds93.lv\/wp-content\/uploads\/2023\/02\/pasnovert_2022.pdf\" data-type=\"attachment\">2022<\/a><a href=\"https:\/\/bds93.lv:8882\/wp-content\/uploads\/2023\/02\/pasnovert_2022.pdf\" data-type=\"attachment\" data-id=\"332\">. <\/a><\/strong><\/p>\n","protected":false},"excerpt":{"rendered":"<p>Pa\u0161nov\u0113rt\u0113juma zi\u0146ojums 2020. Pa\u0161nov\u0113rt\u0113juma zi\u0146ojums 2021. Pa\u0161nov\u0113rt\u0113juma zi\u0146ojums 2022.<\/p>\n","protected":false},"author":1,"featured_media":0,"parent":0,"menu_order":0,"comment_status":"closed","ping_status":"closed","template":"","meta":{"footnotes":""},"class_list":["post-45","page","type-page","status-publish","hentry"],"_links":{"self":[{"href":"https:\/\/bds93.lv\/index.php?rest_route=\/wp\/v2\/pages\/45","targetHints":{"allow":["GET"]}}],"collection":[{"href":"https:\/\/bds93.lv\/index.php?rest_route=\/wp\/v2\/pages"}],"about":[{"href":"https:\/\/bds93.lv\/index.php?rest_route=\/wp\/v2\/types\/page"}],"author":[{"embeddable":true,"href":"https:\/\/bds93.lv\/index.php?rest_route=\/wp\/v2\/users\/1"}],"replies":[{"embeddable":true,"href":"https:\/\/bds93.lv\/index.php?rest_route=%2Fwp%2Fv2%2Fcomments&post=45"}],"version-history":[{"count":14,"href":"https:\/\/bds93.lv\/index.php?rest_route=\/wp\/v2\/pages\/45\/revisions"}],"predecessor-version":[{"id":383,"href":"https:\/\/bds93.lv\/index.php?rest_route=\/wp\/v2\/pages\/45\/revisions\/383"}],"wp:attachment":[{"href":"https:\/\/bds93.lv\/index.php?rest_route=%2Fwp%2Fv2%2Fmedia&parent=45"}],"curies":[{"name":"wp","href":"https:\/\/api.w.org\/{rel}","templated":true}]}}