{"id":48,"date":"2023-02-05T18:48:56","date_gmt":"2023-02-05T18:48:56","guid":{"rendered":"http:\/\/bds93.lv:8882\/?page_id=48"},"modified":"2023-02-24T23:05:12","modified_gmt":"2023-02-24T21:05:12","slug":"piedavatie-pakalpojumi","status":"publish","type":"page","link":"https:\/\/bds93.lv\/?page_id=48","title":{"rendered":"Pied\u0101v\u0101tie pakalpojumi"},"content":{"rendered":"\n<p class=\"gtfy-1\"><\/p>\n\n\n\n<div class=\"guten-element guten-accordions guten-t5VWQz gtfy-23\">\n<div class=\"accordion-item gtfy-22\"><div class=\"accordion-heading\"><div class=\"accordion-icon\"><span class=\"accordion-icon-open\"><i class=\"fas fa-minus\"><\/i><\/span><span class=\"accordion-icon-closed\"><i class=\"fas fa-plus\"><\/i><\/span><\/div><span class=\"accordion-text\"><strong>\u041aonsult\u0101cijas par dro\u0161\u012bbas jaut\u0101jumiem<\/strong><\/span><\/div><div class=\"accordion-body\"><div class=\"accordion-content\">\n<h3 class=\"wp-block-heading gtfy-4\">Biznesa dro\u0161\u012bba<\/h3>\n\n\n\n<ul class=\"wp-block-list gtfy-13\">\n<li class=\"gtfy-5 gutenify-list-item\">K\u0101p\u0113c un kad savas komp\u0101nijas person\u0101ls ir ienaidnieks?<br><\/li>\n\n\n\n<li class=\"gtfy-6 gutenify-list-item\">Zin\u0101t savu partneri ir labi!<\/li>\n\n\n\n<li class=\"gtfy-7 gutenify-list-item\">K\u0101 nov\u0113rst negod\u012bgu konkurentu uzbrukumu?<\/li>\n\n\n\n<li class=\"gtfy-8 gutenify-list-item\">Dro\u0161\u012bbas dienests \u2013 pa\u0161u vai nol\u012bgts?<\/li>\n\n\n\n<li class=\"gtfy-9 gutenify-list-item\">Nacion\u0101l\u0101s nodok\u013cu politikas \u012bpatn\u012bbas.<\/li>\n\n\n\n<li class=\"gtfy-10 gutenify-list-item\">K\u0101 r\u012bkoties, ja pie Jums ieradu\u0161ies cilv\u0113ki no valsts instit\u016bcij\u0101m?<\/li>\n\n\n\n<li class=\"gtfy-11 gutenify-list-item\">Kam atsavin\u0101t\u0101js ir briesm\u012bgs?<\/li>\n\n\n\n<li class=\"gtfy-12 gutenify-list-item\">Citas J\u016bsu uz\u0146\u0113m\u0113jdarb\u012bbai aktu\u0101las t\u0113mas.<\/li>\n<\/ul>\n\n\n\n<h3 class=\"wp-block-heading gtfy-14\">Personas dro\u0161\u012bba<\/h3>\n\n\n\n<ul class=\"wp-block-list gtfy-19\">\n<li class=\"gtfy-15 gutenify-list-item\">\u041aad vajadz\u012bgs miesassargs?<\/li>\n\n\n\n<li class=\"gtfy-16 gutenify-list-item\">M\u0101jok\u013ca apsardzes nianses.<\/li>\n\n\n\n<li class=\"gtfy-17 gutenify-list-item\">Uzman\u012bbu \u2013 b\u0113rni briesm\u0101s!<\/li>\n\n\n\n<li class=\"gtfy-18 gutenify-list-item\">No Jums izkr\u0101pj naudu: finan\u0161u piram\u012bdas, medic\u012bna, nekustamie \u012bpa\u0161umi u.c.<\/li>\n<\/ul>\n\n\n\n<hr class=\"wp-block-separator has-alpha-channel-opacity gtfy-20\"\/>\n\n\n\n<p class=\"gtfy-21\"><strong>Pal\u012bdz\u012bba p\u0113c traumas<\/strong> Notikumi, kas ietekm\u0113 cilv\u0113ka dro\u0161\u012bbu, tiek traumatiski p\u0101rdz\u012bvoti \u2013rodas kr\u012bze. Kr\u012bze ir st\u0101voklis, kur\u0101 cilv\u0113ks uztver notikumu\/situ\u0101ciju k\u0101 nep\u0101rvaramas gr\u016bt\u012bbas, kas p\u0101rsniedz vi\u0146a ierastos situ\u0101cijas risin\u0101\u0161anas veidus un stresa p\u0101rvar\u0113\u0161anas strat\u0113\u0123ijas. Ja situ\u0101cija netiek atrisin\u0101ta, cilv\u0113kam var rasties nopietni fiziski, emocion\u0101li, uztveres un uzved\u012bbas trauc\u0113jumi. Ja cilv\u0113ks nesa\u0146em t\u016bl\u012bt\u0113ju psiholo\u0123isku pal\u012bdz\u012bbu p\u0113c kr\u012bzes situ\u0101cijas, tas var nelabv\u0113l\u012bgi ietekm\u0113t cilv\u0113ka gar\u012bgo vesel\u012bbu un r\u012bc\u012bbu, kas var novest pie t\u0101dam \u0101rk\u0101rtas situ\u0101cij\u0101m k\u0101 vardarb\u012bba, alkoholisms un pa\u0161n\u0101v\u012bba.<\/p>\n<\/div><\/div><\/div>\n<\/div>\n\n\n\n<div class=\"guten-element guten-accordions guten-JtVYsh gtfy-34\">\n<div class=\"accordion-item gtfy-33\"><div class=\"accordion-heading\"><div class=\"accordion-icon\"><span class=\"accordion-icon-open\"><i class=\"fas fa-minus\"><\/i><\/span><span class=\"accordion-icon-closed\"><i class=\"fas fa-plus\"><\/i><\/span><\/div><span class=\"accordion-text\"><strong>Fizisko personu apsardze<\/strong><\/span><\/div><div class=\"accordion-body\"><div class=\"accordion-content\">\n<h3 class=\"wp-block-heading gtfy-26\">Sertific\u0113ti miesassargi:<\/h3>\n\n\n\n<ul class=\"wp-block-list gtfy-31\">\n<li class=\"gtfy-27 gutenify-list-item\">nepiecie\u0161am\u012bbas gad\u012bjum\u0101 ekip\u0113ti ar iero\u010diem un speci\u0101lajiem l\u012bdzek\u013ciem<br><\/li>\n\n\n\n<li class=\"gtfy-28 gutenify-list-item\">sve\u0161valodu zin\u0101\u0161anas<br><\/li>\n\n\n\n<li class=\"gtfy-29 gutenify-list-item\">nodro\u0161in\u0101ti ar m\u016bsdien\u012bg\u0101m un modern\u0101m sakaru ier\u012bc\u0113m<br><\/li>\n\n\n\n<li class=\"gtfy-30 gutenify-list-item\">nodro\u0161in\u0101ti ar bru\u0146otas operat\u012bv\u0101s grupas atbalstu<br><\/li>\n<\/ul>\n\n\n\n<p class=\"gtfy-32\">Viena miesassarga izmaksas par pakalpojumiem stund\u0101 s\u0101kot no 17.00 EUR+ PVN.<\/p>\n<\/div><\/div><\/div>\n<\/div>\n\n\n\n<div class=\"guten-element guten-accordions guten-wZZbuQ gtfy-71\">\n<div class=\"accordion-item gtfy-70\"><div class=\"accordion-heading\"><div class=\"accordion-icon\"><span class=\"accordion-icon-open\"><i class=\"fas fa-minus\"><\/i><\/span><span class=\"accordion-icon-closed\"><i class=\"fas fa-plus\"><\/i><\/span><\/div><span class=\"accordion-text\"><strong>Stacion\u0101ro objektu apsardze<\/strong><\/span><\/div><div class=\"accordion-body\"><div class=\"accordion-content\">\n<p class=\"gtfy-37\"><strong>Fizisk\u0101 apsardze<\/strong><br>M\u016bsu darb\u012bbas galvenais princips ir apsardzes pakalpojumu kvalit\u0101te . Klientiem m\u016bsu uz\u0146\u0113mums pied\u0101v\u0101 sekojo\u0161us fizisk\u0101s apsardzes organiz\u0113\u0161anas posmus:<\/p>\n\n\n\n<p class=\"gtfy-38\"><strong>1. Risku nov\u0113rt\u0113jums<\/strong><\/p>\n\n\n\n<ul class=\"wp-block-list gtfy-44\">\n<li class=\"gtfy-39 gutenify-list-item\">iesp\u0113jamais apdraud\u0113jums no savu darbinieku puses (z\u0101dz\u012bbas, inform\u0101cijas nopl\u016bdin\u0101\u0161ana utt.);<\/li>\n\n\n\n<li class=\"gtfy-40 gutenify-list-item\">iesp\u0113jamais apdraud\u0113jums no biznesa partneru, \u012brnieku puses utt.;<\/li>\n\n\n\n<li class=\"gtfy-41 gutenify-list-item\">iesp\u0113jamais apdraud\u0113jums no negod\u012bgu konkurentu puses un tmldz.;<\/li>\n\n\n\n<li class=\"gtfy-42 gutenify-list-item\">krimin\u0101la rakstura tie\u0161i draudi (laup\u012b\u0161anas, vardarb\u012bba, vand\u0101lisms u.c.;<\/li>\n\n\n\n<li class=\"gtfy-43 gutenify-list-item\">citi riski.<\/li>\n<\/ul>\n\n\n\n<p class=\"gtfy-45\"><strong>2. Aizsardz\u012bbas l\u012bme\u0146a izv\u0113le<\/strong><br>M\u016bsu izpratn\u0113 ir <strong>3 pamata l\u012bme\u0146i<\/strong> objekta aizsardz\u012bbai:<\/p>\n\n\n\n<ul class=\"wp-block-list gtfy-49\">\n<li class=\"gtfy-46 gutenify-list-item\">Minim\u0101lais \u2013 apsardzes resursu komplekss, kas darbojoties ar pilnu atdevi un labv\u0113l\u012bgos darba apst\u0101k\u013cos, sp\u0113j veikt objekta aizsardz\u012bbas pamatuzdevumus Tas noz\u012bm\u0113, ka resursi ir ierobe\u017eoti, ir sp\u0113ja r\u012bkoties tikai standarta situ\u0101cij\u0101s, bet gad\u012bjumos, kad strauji att\u012bst\u0101s b\u012bstama \u0101rk\u0101rtas situ\u0101cija, nenodro\u0161ina pietiekamu aizsardz\u012bbu.<\/li>\n\n\n\n<li class=\"gtfy-47 gutenify-list-item\">\u041eptim\u0101lais \u2013 pietiekams daudzums apsardzes poste\u0146u un cilv\u0113ku, k\u0101 ar\u012b atbilsto\u0161i materi\u0101li tehniskie resursi, kuri garant\u0113 objekta aizsardz\u012bbas pamatuzdevumu izpildi.<\/li>\n\n\n\n<li class=\"gtfy-48 gutenify-list-item\">\u041c\u0430ksim\u0101lais &#8211; apsardzes resursu komplekss, kas paredz t\u0101du apsargu daudzumu, augsto tehnolo\u0123iju apr\u012bkojumu, k\u0101 ar\u012b in\u017eeniertehniskos risin\u0101jumus, kuri \u013cauj veikt objekta aizsardz\u012bbu, tai skait\u0101 ar\u012b ekstrem\u0101l\u0101s \u0101rk\u0101rtas situ\u0101cij\u0101s (m\u0430su nek\u0101rt\u012bbas, bru\u0146ota laup\u012b\u0161ana u.c.).<\/li>\n<\/ul>\n\n\n\n<p class=\"gtfy-50\">Saska\u0146\u0101 ar izv\u0113l\u0113to aizsardz\u012bbas l\u012bmeni tiek noteikti nepiecie\u0161amie apsardzes resursi (apsargi, apr\u012bkojums, tehniskie l\u012bdzek\u013ci u.c.).<\/p>\n\n\n\n<p class=\"gtfy-51\"><strong>3. Dokumentu paketes sagatavo\u0161ana<\/strong><\/p>\n\n\n\n<p class=\"gtfy-52\">Dokumentu, kuri juridiski pareizi (korekti) regul\u0113 attiec\u012bbas starp pas\u016bt\u012bt\u0101ju un izpild\u012bt\u0101ju (l\u012bgums, instrukcijas, pl\u0101ni u.c.), paketes sagatavo\u0161ana. M\u0113s pied\u0101v\u0101jam \u0161o dokumentu standarta projektus un nepiecie\u0161amo pal\u012bdz\u012bbu to gal\u012bg\u0101\u0161 redakcijas izstr\u0101d\u0101\u0161anai.<\/p>\n\n\n\n<p class=\"gtfy-53\"><strong>4. Pras\u012bbas apsargam<\/strong><\/p>\n\n\n\n<p class=\"gtfy-54\">Firma &#8220;Baltijas Dro\u0161\u012bbas Skola&#8221; pied\u0101v\u0101 apm\u0101c\u012btu, ekip\u0113tu un sertific\u0113tu apsargu (apsargus) kuram, nepiecie\u0161am\u012bbas gad\u012bjum\u0101 ir sp\u0113ka atbalsts (izbrauc bru\u0146ota un ekip\u0113ta (apr\u012bkota) mobila grupa).<br>Apsarga darb\u012bbas:<\/p>\n\n\n\n<ul class=\"wp-block-list gtfy-61\">\n<li class=\"gtfy-55 gutenify-list-item\">nodro\u0161in\u0101t cilv\u0113ku un transporta caurlai\u017eu re\u017e\u012bma kontroli apsarg\u0101jam\u0101 teritorij\u0101;<\/li>\n\n\n\n<li class=\"gtfy-56 gutenify-list-item\">nov\u0113ro\u0161ana monitoros, kas notiek ar video nov\u0113ro\u0161anas kamer\u0101m apr\u012bkot\u0101 apsarg\u0101jamaj\u0101 objekt\u0101;<\/li>\n\n\n\n<li class=\"gtfy-57 gutenify-list-item\">sabiedrisk\u0101s k\u0101rt\u012bbas sarg\u0101\u0161ana;<\/li>\n\n\n\n<li class=\"gtfy-58 gutenify-list-item\">likump\u0101rk\u0101p\u0113ju aiztur\u0113\u0161ana, nepiecie\u0161am\u012bbas gad\u012bjum\u0101 policijas darbinieku izsauk\u0161ana un sadarb\u012bba ar tiem;<\/li>\n\n\n\n<li class=\"gtfy-59 gutenify-list-item\">apsarg\u0101jam\u0101s teritorijas apgaita;<\/li>\n\n\n\n<li class=\"gtfy-60 gutenify-list-item\">citi konkr\u0113ti uzdevumi, atkar\u012bb\u0101 no apsarg\u0101jam\u0101 objekta individu\u0101laj\u0101m vajadz\u012bb\u0101m.<\/li>\n<\/ul>\n\n\n\n<p class=\"gtfy-62\">Apsarga tie\u0161ie pien\u0101kumi konkr\u0113t\u0101 objekt\u0101 tiek noteikti attiec\u012bg\u0101 darba instrukcij\u0101, kuru apstiprina pas\u016bt\u012bt\u0101js un izpild\u012bt\u0101js. Apsarga ekip\u0113jums<\/p>\n\n\n\n<p class=\"gtfy-63\">P\u0113c klienta piepras\u012bjuma uz\u0146\u0113muma darbinieki nodro\u0161ina objekta apsardzi 24 stundas diennakt\u012b. Apsargi var b\u016bt \u0123\u0113rbti civilaj\u0101 ap\u0123\u0113rb\u0101 (tum\u0161\u0101 uzvalk\u0101), k\u0101 ar\u012b uz\u0146\u0113muma formas t\u0113rpos (melnas bikses, tum\u0161i zils d\u017eemperis ar uz\u0161uv\u0113m, gai\u0161i zils krekls, melna kaklasaite), ekip\u0113ti ar speci\u0101lajiem l\u012bdzek\u013ciem, nepiecie\u0161am\u012bbas gad\u012bjum\u0101 \u2013 bru\u0146oti un nodro\u0161in\u0101ti ar sakaru l\u012bdzek\u013ciem.<\/p>\n\n\n\n<p class=\"gtfy-64\" style=\"font-size:1.2rem\"><strong>M\u016bsu metodika fizisk\u0101s apsardzes kvalit\u0101tes uzlabo\u0161anai.<\/strong><\/p>\n\n\n\n<ul class=\"wp-block-list gtfy-68\">\n<li class=\"gtfy-65 gutenify-list-item\">Iepaz\u012bstin\u0101\u0161ana ar amata pien\u0101kumiem, sta\u017e\u0113\u0161an\u0101s amat\u0101;<\/li>\n\n\n\n<li class=\"gtfy-66 gutenify-list-item\">Kontrole;<\/li>\n\n\n\n<li class=\"gtfy-67 gutenify-list-item\">Objekta vec\u0101kais k\u0101 kvalit\u0101tes garants.<\/li>\n<\/ul>\n\n\n\n<div class=\"guten-element guten-accordions guten-0Azs8l gtfy-69\"><\/div>\n<\/div><\/div><\/div>\n<\/div>\n\n\n\n<div class=\"guten-element guten-accordions guten-TZpRbr gtfy-89\">\n<div class=\"accordion-item gtfy-88\"><div class=\"accordion-heading\"><div class=\"accordion-icon\"><span class=\"accordion-icon-open\"><i class=\"fas fa-minus\"><\/i><\/span><span class=\"accordion-icon-closed\"><i class=\"fas fa-plus\"><\/i><\/span><\/div><span class=\"accordion-text\"><strong>Person\u0101lsast\u0101va psiholo\u0123isk\u0101 atlase<\/strong><\/span><\/div><div class=\"accordion-body\"><div class=\"accordion-content\">\n<p class=\"gtfy-74\">Personas psiholo\u0123isk\u0101 nov\u0113rt\u0113\u0161ana da\u013c\u0113ji sast\u0101v no psiholo\u0123isk\u0101s test\u0113\u0161anas. Bez psiholo\u0123isk\u0101s test\u0113\u0161anas, lai ieg\u016btu pilnv\u0113rt\u012bgu redz\u0113jumu par potenci\u0101lo darbinieku, v\u0113lams veikt personas uzved\u012bbas izv\u0113rt\u0113jumu komandas darb\u0101, k\u0101 ar\u012b individu\u0101lo izv\u0113rt\u0113jumu paaugstin\u0101ta stresa situ\u0101cij\u0101s, lomu sp\u0113les utt. Pilnv\u0113rt\u012bga kandid\u0101tu nov\u0113rt\u0113\u0161ana tiekveikta divu dienu laik\u0101, neskaitot rezult\u0101tu anal\u012bzi un interpret\u0101ciju.<\/p>\n\n\n\n<p class=\"gtfy-75\">Ja laiks un finan\u0161u resursi ir ierobe\u017eots, ir iesp\u0113ja veikt psiholo\u0123isko test\u0113\u0161anu 4 stundu apjom\u0101. Test\u0113\u0161an\u0101 tiek izmantoti sp\u0113ju testi un person\u012bbas tests. \u0160\u012b testu pakete \u013cauj noteikt respondentu sp\u0113jas veikt sare\u017e\u0123\u012btas lo\u0123isk\u0101s oper\u0101cijas, p\u0101rbaud\u012bt respondentu koncentr\u0113\u0161an\u0101s sp\u0113jas, \u012bslaic\u012bgo atmi\u0146u, uzman\u012bbu, prognoz\u0113t uzved\u012bbas tendences, k\u0101 ar\u012b noteikt person\u012bbas iez\u012bmes.<\/p>\n\n\n\n<p class=\"gtfy-76\"><strong>Atlases proces\u0101 tiek p\u0101rbaud\u012bti \u0161\u0101di pretendenta person\u012bbas aspekti:<\/strong><\/p>\n\n\n\n<ul class=\"wp-block-list gtfy-87\">\n<li class=\"gtfy-77 gutenify-list-item\">Rakstura iez\u012bmes atbilsto\u0161i amata specifikai;<\/li>\n\n\n\n<li class=\"gtfy-78 gutenify-list-item\">Iesp\u0113jam\u0101s negat\u012bv\u0101s rakstura iez\u012bmes (agresija, atkar\u012bbas, negat\u012bvisms, ka\u0161\u0137i, hroniska neapmierin\u0101t\u012bba utt.);<\/li>\n\n\n\n<li class=\"gtfy-79 gutenify-list-item\">Koncentr\u0113\u0161an\u0101s sp\u0113jas, uzman\u012bbas notur\u012bba;<\/li>\n\n\n\n<li class=\"gtfy-80 gutenify-list-item\">Pa\u0161motiv\u0101cija \u2013 v\u0113lams p\u0101rbaud\u012bt re\u0101los apst\u0101k\u013cos.<\/li>\n\n\n\n<li class=\"gtfy-81 gutenify-list-item\">Iniciat\u012bva, proaktivit\u0101te;<\/li>\n\n\n\n<li class=\"gtfy-82 gutenify-list-item\">Discipl\u012bna;<\/li>\n\n\n\n<li class=\"gtfy-83 gutenify-list-item\">Darbs komand\u0101;<\/li>\n\n\n\n<li class=\"gtfy-84 gutenify-list-item\">Stresa notur\u012bba;<\/li>\n\n\n\n<li class=\"gtfy-85 gutenify-list-item\">Patst\u0101v\u012bba, noteikt\u012bba, stabilit\u0101te;<\/li>\n\n\n\n<li class=\"gtfy-86 gutenify-list-item\">L\u0113mumu pie\u0146em\u0161anas prasmes &#8211; v\u0113lams p\u0101rbaud\u012bt re\u0101los apst\u0101k\u013cos.<\/li>\n<\/ul>\n<\/div><\/div><\/div>\n<\/div>\n\n\n\n<div class=\"guten-element guten-accordions guten-MUT92d gtfy-94\">\n<div class=\"accordion-item gtfy-93\"><div class=\"accordion-heading\"><div class=\"accordion-icon\"><span class=\"accordion-icon-open\"><i class=\"fas fa-minus\"><\/i><\/span><span class=\"accordion-icon-closed\"><i class=\"fas fa-plus\"><\/i><\/span><\/div><span class=\"accordion-text\"><strong>Objektu, ofisu un priv\u0101tm\u0101ju aizsardz\u012bbas audits<\/strong><\/span><\/div><div class=\"accordion-body\"><div class=\"accordion-content\">\n<p class=\"gtfy-92\">Objekta ekspert\u012bze ir oblig\u0101ta un bezmaksas objektiem, ar kuriem tiks nosl\u0113gts apsardzes l\u012bgums, k\u0101 ar\u012b jau eso\u0161ajiem apsarg\u0101jamajiem objektiem, kuros ir notiku\u0161as dro\u0161\u012bbai svar\u012bgas izmai\u0146as. Ekspert\u012bzi veic sekojo\u0161i speci\u0101listi: apsardzes vad\u012bt\u0101js, in\u017eeniertehnisko dro\u0161\u012bbas l\u012bdzek\u013cu eksperts, videonov\u0113ro\u0161anas organiz\u0113\u0161anas eksperts, k\u0101 ar\u012b nepiecie\u0161am\u012bbas gad\u012bjum\u0101 citi eksperti.<\/p>\n<\/div><\/div><\/div>\n<\/div>\n","protected":false},"excerpt":{"rendered":"","protected":false},"author":1,"featured_media":75,"parent":0,"menu_order":0,"comment_status":"closed","ping_status":"closed","template":"","meta":{"footnotes":""},"class_list":["post-48","page","type-page","status-publish","has-post-thumbnail","hentry"],"_links":{"self":[{"href":"https:\/\/bds93.lv\/index.php?rest_route=\/wp\/v2\/pages\/48","targetHints":{"allow":["GET"]}}],"collection":[{"href":"https:\/\/bds93.lv\/index.php?rest_route=\/wp\/v2\/pages"}],"about":[{"href":"https:\/\/bds93.lv\/index.php?rest_route=\/wp\/v2\/types\/page"}],"author":[{"embeddable":true,"href":"https:\/\/bds93.lv\/index.php?rest_route=\/wp\/v2\/users\/1"}],"replies":[{"embeddable":true,"href":"https:\/\/bds93.lv\/index.php?rest_route=%2Fwp%2Fv2%2Fcomments&post=48"}],"version-history":[{"count":12,"href":"https:\/\/bds93.lv\/index.php?rest_route=\/wp\/v2\/pages\/48\/revisions"}],"predecessor-version":[{"id":401,"href":"https:\/\/bds93.lv\/index.php?rest_route=\/wp\/v2\/pages\/48\/revisions\/401"}],"wp:featuredmedia":[{"embeddable":true,"href":"https:\/\/bds93.lv\/index.php?rest_route=\/wp\/v2\/media\/75"}],"wp:attachment":[{"href":"https:\/\/bds93.lv\/index.php?rest_route=%2Fwp%2Fv2%2Fmedia&parent=48"}],"curies":[{"name":"wp","href":"https:\/\/api.w.org\/{rel}","templated":true}]}}